{"id":717,"date":"2024-09-03T15:27:56","date_gmt":"2024-09-03T15:27:56","guid":{"rendered":"https:\/\/erasmusroma.net\/717-2\/"},"modified":"2025-01-23T16:38:33","modified_gmt":"2025-01-23T16:38:33","slug":"eventos","status":"publish","type":"page","link":"https:\/\/erasmusroma.net\/pt-pt\/eventos\/","title":{"rendered":"Eventos"},"content":{"rendered":"<p>[et_pb_section fb_built=&#8221;1&#8243; admin_label=&#8221;Programs&#8221; module_id=&#8221;eventos&#8221; _builder_version=&#8221;4.27.0&#8243; _module_preset=&#8221;f2d8ab23-eb0f-46ed-a5e1-c1b9c69f3604&#8243; collapsed=&#8221;on&#8221; global_colors_info=&#8221;{}&#8221;][et_pb_row _builder_version=&#8221;4.25.1&#8243; _module_preset=&#8221;default&#8221; global_colors_info=&#8221;{}&#8221;][et_pb_column type=&#8221;4_4&#8243; _builder_version=&#8221;4.25.1&#8243; _module_preset=&#8221;default&#8221; global_colors_info=&#8221;{}&#8221;][et_pb_heading title=&#8221;Eventos&#8221; _builder_version=&#8221;4.27.0&#8243; _module_preset=&#8221;4aa5fe69-2276-4a63-97dc-c78be67da4c2&#8243; title_level=&#8221;h2&#8243; title_text_align=&#8221;center&#8221; title_text_color=&#8221;#156FAC&#8221; title_font_size=&#8221;20px&#8221; custom_padding=&#8221;||0px|||&#8221; animation_style=&#8221;fade&#8221; animation_delay=&#8221;500ms&#8221; title_font_size_tablet=&#8221;22px&#8221; title_font_size_phone=&#8221;20px&#8221; global_colors_info=&#8221;{}&#8221;][\/et_pb_heading][et_pb_text _builder_version=&#8221;4.27.0&#8243; _module_preset=&#8221;default&#8221; text_font=&#8221;&#8211;et_global_body_font||on||||||&#8221; text_font_size=&#8221;16px&#8221; text_orientation=&#8221;center&#8221; custom_margin=&#8221;-16px|||||&#8221; animation_style=&#8221;fade&#8221; animation_delay=&#8221;1000ms&#8221; global_colors_info=&#8221;{}&#8221;]<\/p>\n<p>Desfruta de festas e momentos de partilha<\/p>\n<p>[\/et_pb_text][\/et_pb_column][\/et_pb_row][et_pb_row column_structure=&#8221;1_2,1_2&#8243; _builder_version=&#8221;4.27.0&#8243; _module_preset=&#8221;default&#8221; global_colors_info=&#8221;{}&#8221;][et_pb_column type=&#8221;1_2&#8243; _builder_version=&#8221;4.27.0&#8243; _module_preset=&#8221;default&#8221; global_colors_info=&#8221;{}&#8221;][et_pb_video src=&#8221;https:\/\/www.youtube.com\/watch?v=a1G0YOuaEnY&#8221; _builder_version=&#8221;4.27.4&#8243; _module_preset=&#8221;default&#8221; animation_style=&#8221;zoom&#8221; animation_delay=&#8221;500ms&#8221; border_radii=&#8221;on|30px|30px|30px|30px&#8221; box_shadow_style=&#8221;preset1&#8243; global_colors_info=&#8221;{}&#8221;][\/et_pb_video][\/et_pb_column][et_pb_column type=&#8221;1_2&#8243; _builder_version=&#8221;4.27.0&#8243; _module_preset=&#8221;default&#8221; global_colors_info=&#8221;{}&#8221;][et_pb_text _builder_version=&#8221;4.27.0&#8243; _module_preset=&#8221;default&#8221; text_font=&#8221;&#8211;et_global_body_font||||||||&#8221; text_font_size=&#8221;16px&#8221; header_3_font=&#8221;&#8211;et_global_body_font|600||on|||||&#8221; header_3_text_align=&#8221;left&#8221; text_orientation=&#8221;justified&#8221; animation_style=&#8221;fade&#8221; animation_delay=&#8221;500ms&#8221; text_text_color_tablet=&#8221;&#8221; text_text_color_phone=&#8221;&#8221; text_text_color_last_edited=&#8221;on|phone&#8221; global_colors_info=&#8221;{}&#8221;]<\/p>\n<h3>Partes<\/h3>\n<p>As famosas festas Erasmus s\u00e3o organizadas todas as semanas nos melhores clubes de Roma. <strong>Os estudantes estrangeiros beneficiam de um desconto tanto na entrada como no bar<\/strong>.<br \/>\nUm fot\u00f3grafo est\u00e1 presente em todas as festas e publica fotos dos eventos nas nossas redes sociais no dia seguinte. <\/p>\n<h3>Almo\u00e7os, aperitivos e jantares<\/h3>\n<p>Outro momento social importante \u00e9 a partilha de um bom prato de massa enquanto conversam. Por esta raz\u00e3o, <strong>todas as semanas<\/strong> s\u00e3o organizados almo\u00e7os, aperitivos e jantares em diferentes restaurantes para dar a conhecer aos estudantes Erasmus a grande variedade da cozinha italiana. <\/p>\n<p>[\/et_pb_text][et_pb_button button_url=&#8221;https:\/\/www.instagram.com\/erasmus_roma_association&#8221; button_text=&#8221;Descobre todos os eventos  &#8221; button_alignment=&#8221;center&#8221; disabled_on=&#8221;off|off|off&#8221; _builder_version=&#8221;4.27.4&#8243; _module_preset=&#8221;b814253f-9f46-4148-a771-490ece1f2019&#8243; button_bg_color=&#8221;#156FAC&#8221; button_icon=&#8221;&#xe09a;||divi||400&#8243; animation_style=&#8221;bounce&#8221; animation_delay=&#8221;500ms&#8221; custom_css_main_element=&#8221;width: 100%&#8221; global_colors_info=&#8221;{}&#8221;][\/et_pb_button][\/et_pb_column][\/et_pb_row][\/et_pb_section][et_pb_section fb_built=&#8221;1&#8243; admin_label=&#8221;Programs&#8221; module_id=&#8221;habita\u00e7\u00e3o&#8221; _builder_version=&#8221;4.27.0&#8243; _module_preset=&#8221;f2d8ab23-eb0f-46ed-a5e1-c1b9c69f3604&#8243; background_color=&#8221;#156FAC&#8221; collapsed=&#8221;on&#8221; global_colors_info=&#8221;{}&#8221;][et_pb_row _builder_version=&#8221;4.25.1&#8243; _module_preset=&#8221;default&#8221; global_colors_info=&#8221;{}&#8221;][et_pb_column type=&#8221;4_4&#8243; _builder_version=&#8221;4.25.1&#8243; _module_preset=&#8221;default&#8221; global_colors_info=&#8221;{}&#8221;][et_pb_heading title=&#8221;Perguntas frequentes dos alunos&#8221; _builder_version=&#8221;4.27.0&#8243; _module_preset=&#8221;4aa5fe69-2276-4a63-97dc-c78be67da4c2&#8243; title_level=&#8221;h2&#8243; title_text_align=&#8221;center&#8221; title_text_color=&#8221;#FFFFFF&#8221; title_font_size=&#8221;20px&#8221; custom_padding=&#8221;||0px|||&#8221; animation_style=&#8221;fade&#8221; animation_delay=&#8221;500ms&#8221; title_font_size_tablet=&#8221;22px&#8221; title_font_size_phone=&#8221;20px&#8221; global_colors_info=&#8221;{}&#8221;][\/et_pb_heading][et_pb_text _builder_version=&#8221;4.27.4&#8243; _module_preset=&#8221;default&#8221; text_font=&#8221;&#8211;et_global_body_font||on||||||&#8221; text_text_color=&#8221;#FFFFFF&#8221; text_font_size=&#8221;16px&#8221; text_orientation=&#8221;center&#8221; min_height=&#8221;40.8px&#8221; custom_margin=&#8221;-16px||40px|||&#8221; animation_style=&#8221;fade&#8221; animation_delay=&#8221;1000ms&#8221; global_colors_info=&#8221;{}&#8221;]<\/p>\n<p>Descobre tudo sobre os Eventos Erasmus em Roma<\/p>\n<p>[\/et_pb_text][et_pb_toggle title=&#8221;Como \u00e9 que posso participar nas festas Erasmus?&#8221; icon_color=&#8221;#156FAC&#8221; toggle_icon=&#8221;&#xf129;||fa||900&#8243; _builder_version=&#8221;4.27.0&#8243; _module_preset=&#8221;default&#8221; title_level=&#8221;h3&#8243; title_font=&#8221;||||||||&#8221; title_font_size=&#8221;18px&#8221; body_font_size=&#8221;16px&#8221; background_color=&#8221;#FFFFFF&#8221; custom_margin=&#8221;-10px||||false|false&#8221; animation_style=&#8221;flip&#8221; border_radii=&#8221;on|30px|30px|30px|30px&#8221; box_shadow_style=&#8221;preset1&#8243; global_colors_info=&#8221;{}&#8221;]<\/p>\n<p class=\"p1\"><span>Podes participar reservando o teu lugar diretamente atrav\u00e9s do link do evento que partilhamos nas nossas redes sociais. Certifica-te de que te inscreves a tempo, pois os lugares esgotam-se rapidamente! <\/span><\/p>\n<p>[\/et_pb_toggle][et_pb_toggle title=&#8221;Como \u00e9 que funcionam os jantares e aperitivos Erasmus?&#8221; icon_color=&#8221;#156FAC&#8221; toggle_icon=&#8221;&#xf129;||fa||900&#8243; _builder_version=&#8221;4.27.0&#8243; _module_preset=&#8221;default&#8221; title_level=&#8221;h3&#8243; title_font=&#8221;||||||||&#8221; title_font_size=&#8221;18px&#8221; body_font_size=&#8221;16px&#8221; background_color=&#8221;#FFFFFF&#8221; custom_margin=&#8221;-10px||||false|false&#8221; animation_style=&#8221;flip&#8221; border_radii=&#8221;on|30px|30px|30px|30px&#8221; box_shadow_style=&#8221;preset1&#8243; global_colors_info=&#8221;{}&#8221;]<\/p>\n<p class=\"p1\"><span>Os jantares e aperitivos Erasmus s\u00e3o momentos perfeitos para relaxar, desfrutar de boa comida e fazer novos amigos num ambiente informal. Organizamos estes eventos nos melhores restaurantes e bares de Roma, oferecendo menus especiais a pre\u00e7os especiais para os membros da associa\u00e7\u00e3o. <\/span><\/p>\n<p>[\/et_pb_toggle][et_pb_toggle title=&#8221;As festas s\u00e3o s\u00f3 para estudantes Erasmus?&#8221; icon_color=&#8221;#156FAC&#8221; toggle_icon=&#8221;&#xf129;||fa||900&#8243; _builder_version=&#8221;4.27.0&#8243; _module_preset=&#8221;default&#8221; title_level=&#8221;h3&#8243; title_font=&#8221;||||||||&#8221; title_font_size=&#8221;18px&#8221; body_font_size=&#8221;16px&#8221; background_color=&#8221;#FFFFFF&#8221; custom_margin=&#8221;-10px||||false|false&#8221; animation_style=&#8221;flip&#8221; border_radii=&#8221;on|30px|30px|30px|30px&#8221; box_shadow_style=&#8221;preset1&#8243; global_colors_info=&#8221;{}&#8221;]<\/p>\n<p class=\"p1\"><span>As festas destinam-se principalmente aos estudantes Erasmus, mas tamb\u00e9m est\u00e3o abertas a estudantes internacionais e locais que desejem mergulhar num ambiente multicultural.<\/span><\/p>\n<p>[\/et_pb_toggle][et_pb_toggle title=&#8221;Quanto custa a participa\u00e7\u00e3o nas festas?&#8221; icon_color=&#8221;#156FAC&#8221; toggle_icon=&#8221;&#xf129;||fa||900&#8243; _builder_version=&#8221;4.27.0&#8243; _module_preset=&#8221;default&#8221; title_level=&#8221;h3&#8243; title_font=&#8221;||||||||&#8221; title_font_size=&#8221;18px&#8221; body_font_size=&#8221;16px&#8221; background_color=&#8221;#FFFFFF&#8221; custom_margin=&#8221;-10px||||false|false&#8221; animation_style=&#8221;flip&#8221; border_radii=&#8221;on|30px|30px|30px|30px&#8221; box_shadow_style=&#8221;preset1&#8243; global_colors_info=&#8221;{}&#8221;]<\/p>\n<p class=\"p1\"><span>O custo varia consoante a festa, mas \u00e9 frequente oferecermos entradas gratuitas ou com desconto aos membros com o <\/span><strong>Cart\u00e3o ERA<\/strong><span>. Controlla sempre i dettagli di ogni evento per conoscere prezzi e offerte speciali. <\/span><\/p>\n<p>[\/et_pb_toggle][et_pb_toggle title=&#8221;Onde se realizam as festas Erasmus?&#8221; icon_color=&#8221;#156FAC&#8221; toggle_icon=&#8221;&#xf129;||fa||900&#8243; _builder_version=&#8221;4.27.0&#8243; _module_preset=&#8221;default&#8221; title_level=&#8221;h3&#8243; title_font=&#8221;||||||||&#8221; title_font_size=&#8221;18px&#8221; body_font_size=&#8221;16px&#8221; background_color=&#8221;#FFFFFF&#8221; custom_margin=&#8221;-10px||||false|false&#8221; animation_style=&#8221;flip&#8221; border_radii=&#8221;on|30px|30px|30px|30px&#8221; box_shadow_style=&#8221;preset1&#8243; global_colors_info=&#8221;{}&#8221;]<\/p>\n<p class=\"p1\"><span>As nossas festas t\u00eam lugar nos locais mais exclusivos de Roma, incluindo discotecas e locais \u00fanicos. Mudamos frequentemente de local para oferecer experi\u00eancias diferentes. <\/span><\/p>\n<p>[\/et_pb_toggle][et_pb_toggle title=&#8221;Posso trazer amigos para as festas?&#8221; icon_color=&#8221;#156FAC&#8221; toggle_icon=&#8221;&#xf129;||fa||900&#8243; _builder_version=&#8221;4.27.0&#8243; _module_preset=&#8221;default&#8221; title_level=&#8221;h3&#8243; title_font=&#8221;||||||||&#8221; title_font_size=&#8221;18px&#8221; body_font_size=&#8221;16px&#8221; background_color=&#8221;#FFFFFF&#8221; custom_margin=&#8221;-10px||||false|false&#8221; animation_style=&#8221;flip&#8221; border_radii=&#8221;on|30px|30px|30px|30px&#8221; box_shadow_style=&#8221;preset1&#8243; global_colors_info=&#8221;{}&#8221;]<\/p>\n<p class=\"p1\"><span>Sim, podes trazer os teus amigos! Eles tamb\u00e9m ter\u00e3o de se inscrever e, em alguns casos, pagar uma pequena taxa de entrada. <\/span><\/p>\n<p>[\/et_pb_toggle][et_pb_toggle title=&#8221;  A que horas come\u00e7am e terminam as festividades?&#8221; icon_color=&#8221;#156FAC&#8221; toggle_icon=&#8221;&#xf129;||fa||900&#8243; _builder_version=&#8221;4.27.4&#8243; _module_preset=&#8221;default&#8221; title_level=&#8221;h3&#8243; title_font=&#8221;||||||||&#8221; title_font_size=&#8221;18px&#8221; body_font_size=&#8221;16px&#8221; background_color=&#8221;#FFFFFF&#8221; custom_margin=&#8221;-10px||||false|false&#8221; animation_style=&#8221;flip&#8221; hover_enabled=&#8221;0&#8243; border_radii=&#8221;on|30px|30px|30px|30px&#8221; box_shadow_style=&#8221;preset1&#8243; global_colors_info=&#8221;{}&#8221; sticky_enabled=&#8221;0&#8243;]<\/p>\n<p class=\"p1\"><span>As festas come\u00e7am geralmente por volta das 23h00 e prolongam-se at\u00e9 altas horas da noite. Prepara-te para dan\u00e7ar at\u00e9 de madrugada! <\/span><\/p>\n<p>[\/et_pb_toggle][et_pb_toggle title=&#8221;Os consumos est\u00e3o inclu\u00eddos no pre\u00e7o?&#8221; icon_color=&#8221;#156FAC&#8221; toggle_icon=&#8221;&#xf129;||fa||900&#8243; _builder_version=&#8221;4.27.0&#8243; _module_preset=&#8221;default&#8221; title_level=&#8221;h3&#8243; title_font=&#8221;||||||||&#8221; title_font_size=&#8221;18px&#8221; body_font_size=&#8221;16px&#8221; background_color=&#8221;#FFFFFF&#8221; custom_margin=&#8221;-10px||||false|false&#8221; animation_style=&#8221;flip&#8221; border_radii=&#8221;on|30px|30px|30px|30px&#8221; box_shadow_style=&#8221;preset1&#8243; global_colors_info=&#8221;{}&#8221;]<\/p>\n<p class=\"p1\"><span>Depende do evento. Algumas festas incluem um cart\u00e3o de bebidas na entrada, enquanto noutras as bebidas s\u00e3o pagas \u00e0 parte. Encontra todas as informa\u00e7\u00f5es nos detalhes do evento.  <\/span><\/p>\n<p>[\/et_pb_toggle][et_pb_toggle title=&#8221;Porqu\u00ea participar nas festas Erasmus?&#8221; icon_color=&#8221;#156FAC&#8221; toggle_icon=&#8221;&#xf129;||fa||900&#8243; _builder_version=&#8221;4.27.0&#8243; _module_preset=&#8221;default&#8221; title_level=&#8221;h3&#8243; title_font=&#8221;||||||||&#8221; title_font_size=&#8221;18px&#8221; body_font_size=&#8221;16px&#8221; background_color=&#8221;#FFFFFF&#8221; custom_margin=&#8221;-10px||||false|false&#8221; animation_style=&#8221;flip&#8221; border_radii=&#8221;on|30px|30px|30px|30px&#8221; box_shadow_style=&#8221;preset1&#8243; global_colors_info=&#8221;{}&#8221;]<\/p>\n<p class=\"p1\"><span>As nossas festas s\u00e3o uma oportunidade \u00fanica para socializares, te divertires e criares mem\u00f3rias inesquec\u00edveis com pessoas de todo o mundo. \u00c9 a melhor maneira de viveres a verdadeira experi\u00eancia Erasmus! <\/span><\/p>\n<p>[\/et_pb_toggle][\/et_pb_column][\/et_pb_row][\/et_pb_section]<\/p>\n","protected":false},"excerpt":{"rendered":"<p>Eventos Erasmus em Roma: festas, passeios culturais e actividades exclusivas. Junta-te a n\u00f3s e tira o m\u00e1ximo partido da tua experi\u00eancia Erasmus na Cidade Eterna! <\/p>\n","protected":false},"author":1,"featured_media":0,"parent":0,"menu_order":0,"comment_status":"closed","ping_status":"closed","template":"","meta":{"_et_pb_use_builder":"on","_et_pb_old_content":"","_et_gb_content_width":"","footnotes":""},"class_list":["post-717","page","type-page","status-publish","hentry"],"aioseo_notices":[],"_links":{"self":[{"href":"https:\/\/erasmusroma.net\/pt-pt\/wp-json\/wp\/v2\/pages\/717","targetHints":{"allow":["GET"]}}],"collection":[{"href":"https:\/\/erasmusroma.net\/pt-pt\/wp-json\/wp\/v2\/pages"}],"about":[{"href":"https:\/\/erasmusroma.net\/pt-pt\/wp-json\/wp\/v2\/types\/page"}],"author":[{"embeddable":true,"href":"https:\/\/erasmusroma.net\/pt-pt\/wp-json\/wp\/v2\/users\/1"}],"replies":[{"embeddable":true,"href":"https:\/\/erasmusroma.net\/pt-pt\/wp-json\/wp\/v2\/comments?post=717"}],"version-history":[{"count":67,"href":"https:\/\/erasmusroma.net\/pt-pt\/wp-json\/wp\/v2\/pages\/717\/revisions"}],"predecessor-version":[{"id":6278,"href":"https:\/\/erasmusroma.net\/pt-pt\/wp-json\/wp\/v2\/pages\/717\/revisions\/6278"}],"wp:attachment":[{"href":"https:\/\/erasmusroma.net\/pt-pt\/wp-json\/wp\/v2\/media?parent=717"}],"curies":[{"name":"wp","href":"https:\/\/api.w.org\/{rel}","templated":true}]}}