{"id":2130,"date":"2024-09-03T18:01:41","date_gmt":"2024-09-03T18:01:41","guid":{"rendered":"https:\/\/erasmusroma.net\/wycieczki-i-podroze\/"},"modified":"2024-09-11T19:08:56","modified_gmt":"2024-09-11T19:08:56","slug":"wycieczki-i-podroze","status":"publish","type":"page","link":"https:\/\/erasmusroma.net\/pl\/wycieczki-i-podroze\/","title":{"rendered":"Wycieczki i podr\u00f3\u017ce"},"content":{"rendered":"<p>[et_pb_section fb_built=&#8221;1&#8243; admin_label=&#8221;Programs&#8221; module_id=&#8221;podr\u00f3\u017ce&#8221; _builder_version=&#8221;4.27.0&#8243; _module_preset=&#8221;f2d8ab23-eb0f-46ed-a5e1-c1b9c69f3604&#8243; collapsed=&#8221;on&#8221; global_colors_info=&#8221;{}&#8221;][et_pb_row _builder_version=&#8221;4.25.1&#8243; _module_preset=&#8221;default&#8221; global_colors_info=&#8221;{}&#8221;][et_pb_column type=&#8221;4_4&#8243; _builder_version=&#8221;4.25.1&#8243; _module_preset=&#8221;default&#8221; global_colors_info=&#8221;{}&#8221;][et_pb_heading title=&#8221;Odkryj niezapomniane wycieczki i wyprawy z przewodnikiem w Rzymie&#8221; _builder_version=&#8221;4.27.0&#8243; _module_preset=&#8221;4aa5fe69-2276-4a63-97dc-c78be67da4c2&#8243; title_level=&#8221;h1&#8243; title_text_align=&#8221;center&#8221; title_text_color=&#8221;#156FAC&#8221; title_font_size=&#8221;20px&#8221; custom_padding=&#8221;||0px|||&#8221; animation_style=&#8221;fade&#8221; animation_delay=&#8221;500ms&#8221; title_font_size_tablet=&#8221;22px&#8221; title_font_size_phone=&#8221;20px&#8221; global_colors_info=&#8221;{}&#8221;][\/et_pb_heading][et_pb_text _builder_version=&#8221;4.27.0&#8243; _module_preset=&#8221;default&#8221; text_font=&#8221;&#8211;et_global_body_font||on||||||&#8221; text_font_size=&#8221;16px&#8221; text_orientation=&#8221;center&#8221; custom_margin=&#8221;-16px|||||&#8221; animation_style=&#8221;fade&#8221; animation_delay=&#8221;1000ms&#8221; global_colors_info=&#8221;{}&#8221;]<\/p>\n<p class=\"p1\">Odkryj Rzym dzi\u0119ki naszym ekskluzywnym wycieczkom.<br \/>\nPrze\u017cyj niezapomniane chwile w Wiecznym Mie\u015bcie! <\/p>\n<p>[\/et_pb_text][et_pb_image src=&#8221;https:\/\/erasmusroma.net\/wp-content\/uploads\/2024\/08\/Erasmus-trips.jpg&#8221; title_text=&#8221;Erasmus-trips&#8221; disabled_on=&#8221;off|off|on&#8221; _builder_version=&#8221;4.27.0&#8243; _module_preset=&#8221;8ad9f8ac-1f97-4b67-b62e-ab2527b511ea&#8221; animation_style=&#8221;zoom&#8221; animation_delay=&#8221;500ms&#8221; box_shadow_style=&#8221;preset1&#8243; global_colors_info=&#8221;{}&#8221;][\/et_pb_image][\/et_pb_column][\/et_pb_row][et_pb_row column_structure=&#8221;1_3,1_3,1_3&#8243; make_equal=&#8221;on&#8221; _builder_version=&#8221;4.27.0&#8243; _module_preset=&#8221;default&#8221; global_colors_info=&#8221;{}&#8221;][et_pb_column type=&#8221;1_3&#8243; _builder_version=&#8221;4.27.0&#8243; _module_preset=&#8221;49e081e9-5817-45d2-b603-9a72937501f8&#8243; animation_style=&#8221;zoom&#8221; animation_delay=&#8221;500ms&#8221; box_shadow_style=&#8221;preset1&#8243; global_colors_info=&#8221;{}&#8221;][et_pb_text quote_border_color=&#8221;#0047ff&#8221; _builder_version=&#8221;4.27.0&#8243; _module_preset=&#8221;6e9106b6-c452-4ea2-b87b-12198426d230&#8243; text_font=&#8221;&#8211;et_global_body_font||||||||&#8221; text_text_color=&#8221;#333333&#8243; link_text_color=&#8221;#0047ff&#8221; quote_text_color=&#8221;#0047ff&#8221; header_text_align=&#8221;left&#8221; header_text_color=&#8221;#333333&#8243; header_2_text_color=&#8221;#333333&#8243; header_3_font=&#8221;Urbanist|600||on|||||&#8221; header_3_text_align=&#8221;left&#8221; header_3_text_color=&#8221;#333333&#8243; header_3_font_size=&#8221;22px&#8221; text_orientation=&#8221;justified&#8221; custom_margin=&#8221;10px|||||&#8221; text_font_size_phone=&#8221;16px&#8221; header_3_font_size_phone=&#8221;22px&#8221; global_colors_info=&#8221;{}&#8221;]<\/p>\n<h3>Wycieczki z przewodnikiem po Rzymie<\/h3>\n<p>Nasze stowarzyszenie oferuje studentom Erasmusa wyj\u0105tkow\u0105 okazj\u0119 do odkrycia Rzymu poprzez <strong>bezp\u0142atne wycieczki z przewodnikiem.<\/strong><br \/>\nW towarzystwie <strong>autoryzowanych i do\u015bwiadczonych przewodnik\u00f3w<\/strong> mo\u017cesz odkrywa\u0107 zabytki i tajemnicze miejsca Wiecznego Miasta.<br \/>\nNasze wycieczki s\u0105 dost\u0119pne w j\u0119zyku angielskim i hiszpa\u0144skim, gwarantuj\u0105c wci\u0105gaj\u0105ce i przyst\u0119pne do\u015bwiadczenie dla wszystkich.    <strong>Nie przegap szansy na poznanie Rzymu od podszewki!<\/strong><\/p>\n<p>[\/et_pb_text][\/et_pb_column][et_pb_column type=&#8221;1_3&#8243; disabled_on=&#8221;off|off|off&#8221; _builder_version=&#8221;4.27.0&#8243; _module_preset=&#8221;ef3a83b4-5ad5-4a70-8023-0b7c078fe3eb&#8221; background_color=&#8221;#156FAC&#8221; animation_style=&#8221;zoom&#8221; animation_delay=&#8221;500ms&#8221; box_shadow_style=&#8221;preset1&#8243; global_colors_info=&#8221;{}&#8221;][et_pb_text quote_border_color=&#8221;#0047ff&#8221; _builder_version=&#8221;4.27.0&#8243; _module_preset=&#8221;6e9106b6-c452-4ea2-b87b-12198426d230&#8243; text_font=&#8221;&#8211;et_global_body_font||||||||&#8221; text_text_color=&#8221;#FFFFFF&#8221; link_text_color=&#8221;#0047ff&#8221; quote_text_color=&#8221;#0047ff&#8221; header_text_color=&#8221;#333333&#8243; header_2_text_color=&#8221;#333333&#8243; header_3_font=&#8221;Urbanist|600||on|||||&#8221; header_3_text_align=&#8221;left&#8221; header_3_text_color=&#8221;#FFFFFF&#8221; header_3_font_size=&#8221;22px&#8221; text_orientation=&#8221;justified&#8221; custom_margin=&#8221;10px||||false|false&#8221; custom_padding=&#8221;||2px|||&#8221; text_font_size_phone=&#8221;16px&#8221; header_3_font_size_phone=&#8221;22px&#8221; global_colors_info=&#8221;{}&#8221;]<\/p>\n<h3>Podr\u00f3\u017ce do i z W\u0142och<\/h3>\n<p>Organizowane przez nas wycieczki s\u0105 jednymi z najpopularniejszych zaj\u0119\u0107 dla student\u00f3w Erasmusa, poniewa\u017c W\u0142ochy oferuj\u0105 niezwyk\u0142e bogactwo miast sztuki i wspania\u0142ych miejsc.<br \/>\nDzi\u0119ki naszej wsp\u00f3\u0142pracy z autoryzowanymi i wysoko wykwalifikowanymi przewodnikami turystycznymi, proponujemy <strong>niezapomniane prze\u017cycia w najbardziej fascynuj\u0105cych miejscach w kraju<\/strong>.<br \/>\nOd majestatu Florencji po zapieraj\u0105ce dech w piersiach widoki Wybrze\u017ca Amalfi, ka\u017cda wycieczka to przygoda, kt\u00f3ra sprawi, \u017ce jeszcze bardziej zakochasz si\u0119 we W\u0142oszech.    <strong>Do\u0142\u0105cz do nas, aby odkry\u0107 cuda Bel Paese!<\/strong><\/p>\n<p>[\/et_pb_text][\/et_pb_column][et_pb_column type=&#8221;1_3&#8243; _builder_version=&#8221;4.27.0&#8243; _module_preset=&#8221;default&#8221; animation_style=&#8221;zoom&#8221; global_colors_info=&#8221;{}&#8221;][et_pb_image src=&#8221;https:\/\/erasmusroma.net\/wp-content\/uploads\/2024\/08\/Erasmus-trips.jpg&#8221; title_text=&#8221;Erasmus-trips&#8221; disabled_on=&#8221;on|on|off&#8221; _builder_version=&#8221;4.27.0&#8243; _module_preset=&#8221;8ad9f8ac-1f97-4b67-b62e-ab2527b511ea&#8221; animation_style=&#8221;zoom&#8221; animation_delay=&#8221;500ms&#8221; box_shadow_style=&#8221;preset1&#8243; global_colors_info=&#8221;{}&#8221;][\/et_pb_image][et_pb_button button_url=&#8221;https:\/\/wa.me\/393494448040?text=Hello!%20I%20want%20info%20about%20ERA%20Trips.&#8221; button_text=&#8221;Wi\u0119cej informacji&#8221; button_alignment=&#8221;center&#8221; _builder_version=&#8221;4.27.0&#8243; _module_preset=&#8221;b814253f-9f46-4148-a771-490ece1f2019&#8243; button_bg_color=&#8221;#156FAC&#8221; animation_style=&#8221;bounce&#8221; animation_delay=&#8221;500ms&#8221; custom_css_main_element=&#8221;width: 100%&#8221; global_colors_info=&#8221;{}&#8221;][\/et_pb_button][\/et_pb_column][\/et_pb_row][\/et_pb_section][et_pb_section fb_built=&#8221;1&#8243; admin_label=&#8221;Programs&#8221; module_id=&#8221;obudowa&#8221; _builder_version=&#8221;4.27.0&#8243; _module_preset=&#8221;f2d8ab23-eb0f-46ed-a5e1-c1b9c69f3604&#8243; background_color=&#8221;#156FAC&#8221; collapsed=&#8221;on&#8221; theme_builder_area=&#8221;post_content&#8221;][et_pb_row _builder_version=&#8221;4.25.1&#8243; _module_preset=&#8221;default&#8221; global_colors_info=&#8221;{}&#8221; theme_builder_area=&#8221;post_content&#8221;][et_pb_column type=&#8221;4_4&#8243; _builder_version=&#8221;4.25.1&#8243; _module_preset=&#8221;default&#8221; global_colors_info=&#8221;{}&#8221; theme_builder_area=&#8221;post_content&#8221;][et_pb_heading title=&#8221;Najcz\u0119\u015bciej zadawane pytania student\u00f3w&#8221; _builder_version=&#8221;4.27.0&#8243; _module_preset=&#8221;4aa5fe69-2276-4a63-97dc-c78be67da4c2&#8243; title_level=&#8221;h2&#8243; title_text_align=&#8221;center&#8221; title_text_color=&#8221;#FFFFFF&#8221; title_font_size=&#8221;20px&#8221; custom_padding=&#8221;||0px|||&#8221; animation_style=&#8221;fade&#8221; animation_delay=&#8221;500ms&#8221; title_font_size_tablet=&#8221;22px&#8221; title_font_size_phone=&#8221;20px&#8221; global_colors_info=&#8221;{}&#8221; theme_builder_area=&#8221;post_content&#8221;][\/et_pb_heading][et_pb_text _builder_version=&#8221;4.27.0&#8243; _module_preset=&#8221;default&#8221; text_font=&#8221;&#8211;et_global_body_font||on||||||&#8221; text_text_color=&#8221;#FFFFFF&#8221; text_font_size=&#8221;16px&#8221; text_orientation=&#8221;center&#8221; min_height=&#8221;40.8px&#8221; custom_margin=&#8221;-16px||40px|||&#8221; animation_style=&#8221;fade&#8221; animation_delay=&#8221;1000ms&#8221; hover_enabled=&#8221;0&#8243; global_colors_info=&#8221;{}&#8221; theme_builder_area=&#8221;post_content&#8221; sticky_enabled=&#8221;0&#8243;]<\/p>\n<p>Rzym &#8211; dowiedz si\u0119 wszystkiego o wycieczkach i wyjazdach dla Erasmus\u00f3w i student\u00f3w zagranicznych, kt\u00f3rych nie mo\u017cesz przegapi\u0107<\/p>\n<p>[\/et_pb_text][et_pb_toggle title=&#8221;Jakie wycieczki s\u0105 organizowane przez Stowarzyszenie Erasmus Roma?&#8221; icon_color=&#8221;#156FAC&#8221; toggle_icon=&#8221;&#xf129;||fa||900&#8243; _builder_version=&#8221;4.27.0&#8243; _module_preset=&#8221;default&#8221; title_level=&#8221;h3&#8243; title_font=&#8221;||||||||&#8221; title_font_size=&#8221;18px&#8221; body_font_size=&#8221;16px&#8221; background_color=&#8221;#FFFFFF&#8221; animation_style=&#8221;flip&#8221; hover_enabled=&#8221;0&#8243; border_radii=&#8221;on|30px|30px|30px|30px&#8221; box_shadow_style=&#8221;preset1&#8243; global_colors_info=&#8221;{}&#8221; theme_builder_area=&#8221;post_content&#8221; sticky_enabled=&#8221;0&#8243;]<\/p>\n<p class=\"p1\"><span class=\"s1\">Stowarzyszenie Erasmus Roma organizuje wycieczki po ca\u0142ych W\u0142oszech, a tak\u017ce za granic\u0119, odwiedzaj\u0105c miasta sztuki, miejsca historyczne i zapieraj\u0105ce dech w piersiach krajobrazy.<br \/>\nNasze wyjazdy maj\u0105 na celu zapewnienie studentom Erasmusa wyj\u0105tkowego do\u015bwiadczenia kulturowego i spo\u0142ecznego. <\/span><\/p>\n<p>[\/et_pb_toggle][et_pb_toggle title=&#8221;Jak mog\u0119 wzi\u0105\u0107 udzia\u0142 w wycieczkach organizowanych przez Stowarzyszenie Erasmus Roma?&#8221; icon_color=&#8221;#156FAC&#8221; toggle_icon=&#8221;&#xf129;||fa||900&#8243; _builder_version=&#8221;4.27.0&#8243; _module_preset=&#8221;default&#8221; title_level=&#8221;h3&#8243; title_font=&#8221;||||||||&#8221; title_font_size=&#8221;18px&#8221; body_font_size=&#8221;16px&#8221; background_color=&#8221;#FFFFFF&#8221; custom_margin=&#8221;-10px||||false|false&#8221; animation_style=&#8221;flip&#8221; hover_enabled=&#8221;0&#8243; border_radii=&#8221;on|30px|30px|30px|30px&#8221; box_shadow_style=&#8221;preset1&#8243; global_colors_info=&#8221;{}&#8221; theme_builder_area=&#8221;post_content&#8221; sticky_enabled=&#8221;0&#8243;]<\/p>\n<p class=\"p1\"><span class=\"s1\">Aby wzi\u0105\u0107 udzia\u0142 w naszych wyjazdach, wystarczy by\u0107 cz\u0142onkiem Stowarzyszenia Erasmus Roma i posiada\u0107 kart\u0119 ERA.<br \/>\nPo zarejestrowaniu si\u0119 mo\u017cna rezerwowa\u0107 wycieczki bezpo\u015brednio online lub w naszym biurze. <\/span><\/p>\n<p>[\/et_pb_toggle][et_pb_toggle title=&#8221;Czy wycieczki z przewodnikiem organizowane przez Stowarzyszenie Erasmus s\u0105 bezp\u0142atne?&#8221; icon_color=&#8221;#156FAC&#8221; toggle_icon=&#8221;&#xf129;||fa||900&#8243; _builder_version=&#8221;4.27.0&#8243; _module_preset=&#8221;default&#8221; title_level=&#8221;h3&#8243; title_font=&#8221;||||||||&#8221; title_font_size=&#8221;18px&#8221; body_font_size=&#8221;16px&#8221; background_color=&#8221;#FFFFFF&#8221; custom_margin=&#8221;-10px||||false|false&#8221; animation_style=&#8221;flip&#8221; hover_enabled=&#8221;0&#8243; border_radii=&#8221;on|30px|30px|30px|30px&#8221; box_shadow_style=&#8221;preset1&#8243; global_colors_info=&#8221;{}&#8221; theme_builder_area=&#8221;post_content&#8221; sticky_enabled=&#8221;0&#8243;]<\/p>\n<p class=\"p1\"><span class=\"s1\">Tak, wycieczki z przewodnikiem po Rzymie organizowane przez Erasmus Roma Association s\u0105 ca\u0142kowicie bezp\u0142atne dla zarejestrowanych student\u00f3w Erasmusa.<br \/>\nWycieczki s\u0105 prowadzone przez licencjonowanych przewodnik\u00f3w turystycznych w j\u0119zyku angielskim i hiszpa\u0144skim. <\/span><\/p>\n<p>[\/et_pb_toggle][et_pb_toggle title=&#8221;Kt\u00f3re miasta mog\u0119 odwiedzi\u0107 z Erasmus Rome Association?&#8221; icon_color=&#8221;#156FAC&#8221; toggle_icon=&#8221;&#xf129;||fa||900&#8243; _builder_version=&#8221;4.27.0&#8243; _module_preset=&#8221;default&#8221; title_level=&#8221;h3&#8243; title_font=&#8221;||||||||&#8221; title_font_size=&#8221;18px&#8221; body_font_size=&#8221;16px&#8221; background_color=&#8221;#FFFFFF&#8221; custom_margin=&#8221;-10px||||false|false&#8221; animation_style=&#8221;flip&#8221; hover_enabled=&#8221;0&#8243; border_radii=&#8221;on|30px|30px|30px|30px&#8221; box_shadow_style=&#8221;preset1&#8243; global_colors_info=&#8221;{}&#8221; theme_builder_area=&#8221;post_content&#8221; sticky_enabled=&#8221;0&#8243;]<\/p>\n<p class=\"p1\"><span class=\"s1\">Stowarzyszenie organizuje wycieczki do wielu w\u0142oskich miast, takich jak Florencja, Wenecja, Neapol, Cinque Terre i wiele innych.  <\/span><\/p>\n<p class=\"p1\"><span class=\"s1\">Sprawd\u017a kalendarz nadchodz\u0105cych wycieczek bezpo\u015brednio na naszych kana\u0142ach spo\u0142eczno\u015bciowych, aby zaplanowa\u0107 swoje przygody.<\/span><\/p>\n<p>[\/et_pb_toggle][et_pb_toggle title=&#8221;Czy konieczna jest wcze\u015bniejsza rezerwacja, aby wzi\u0105\u0107 udzia\u0142 w wycieczkach?&#8221; icon_color=&#8221;#156FAC&#8221; toggle_icon=&#8221;&#xf129;||fa||900&#8243; _builder_version=&#8221;4.27.0&#8243; _module_preset=&#8221;default&#8221; title_level=&#8221;h3&#8243; title_font=&#8221;||||||||&#8221; title_font_size=&#8221;18px&#8221; body_font_size=&#8221;16px&#8221; background_color=&#8221;#FFFFFF&#8221; custom_margin=&#8221;-10px||||false|false&#8221; animation_style=&#8221;flip&#8221; hover_enabled=&#8221;0&#8243; border_radii=&#8221;on|30px|30px|30px|30px&#8221; box_shadow_style=&#8221;preset1&#8243; global_colors_info=&#8221;{}&#8221; theme_builder_area=&#8221;post_content&#8221; sticky_enabled=&#8221;0&#8243;]<\/p>\n<p class=\"p1\"><span class=\"s1\">Tak, zaleca si\u0119 wcze\u015bniejsz\u0105 rezerwacj\u0119, poniewa\u017c liczba miejsc na nasze wycieczki jest ograniczona.  <\/span><\/p>\n<p class=\"p1\"><span class=\"s1\">Rezerwacji mo\u017cna dokona\u0107 online lub bezpo\u015brednio w naszej siedzibie.<\/span><\/p>\n<p>[\/et_pb_toggle][et_pb_toggle title=&#8221;Jak mog\u0119 by\u0107 na bie\u017c\u0105co z informacjami o wycieczkach i wycieczkach z przewodnikiem dla student\u00f3w Erasmusa?&#8221; icon_color=&#8221;#156FAC&#8221; toggle_icon=&#8221;&#xf129;||fa||900&#8243; _builder_version=&#8221;4.27.0&#8243; _module_preset=&#8221;default&#8221; title_level=&#8221;h3&#8243; title_font=&#8221;||||||||&#8221; title_font_size=&#8221;18px&#8221; body_font_size=&#8221;16px&#8221; background_color=&#8221;#FFFFFF&#8221; custom_margin=&#8221;-10px||||false|false&#8221; animation_style=&#8221;flip&#8221; hover_enabled=&#8221;0&#8243; border_radii=&#8221;on|30px|30px|30px|30px&#8221; box_shadow_style=&#8221;preset1&#8243; global_colors_info=&#8221;{}&#8221; theme_builder_area=&#8221;post_content&#8221; sticky_enabled=&#8221;0&#8243;]<\/p>\n<p class=\"p1\"><span class=\"s1\">Aby by\u0107 na bie\u017c\u0105co z informacjami o wycieczkach i wycieczkach z przewodnikiem, mo\u017cesz \u015bledzi\u0107 nasze kana\u0142y medi\u00f3w spo\u0142eczno\u015bciowych lub subskrybowa\u0107 nasze grupy WhatsApp, aby otrzymywa\u0107 cotygodniowe aktualizacje.<\/span><\/p>\n<p>[\/et_pb_toggle][et_pb_toggle title=&#8221;Czy zorganizowane wycieczki obejmuj\u0105 r\u00f3wnie\u017c zakwaterowanie?&#8221; icon_color=&#8221;#156FAC&#8221; toggle_icon=&#8221;&#xf129;||fa||900&#8243; _builder_version=&#8221;4.27.0&#8243; _module_preset=&#8221;default&#8221; title_level=&#8221;h3&#8243; title_font=&#8221;||||||||&#8221; title_font_size=&#8221;18px&#8221; body_font_size=&#8221;16px&#8221; background_color=&#8221;#FFFFFF&#8221; custom_margin=&#8221;-10px||||false|false&#8221; animation_style=&#8221;flip&#8221; hover_enabled=&#8221;0&#8243; border_radii=&#8221;on|30px|30px|30px|30px&#8221; box_shadow_style=&#8221;preset1&#8243; global_colors_info=&#8221;{}&#8221; theme_builder_area=&#8221;post_content&#8221; sticky_enabled=&#8221;0&#8243;]<\/p>\n<p class=\"p1\"><span class=\"s1\">Tak, w przypadku wi\u0119kszo\u015bci naszych wycieczek poza Rzym zakwaterowanie jest wliczone w cen\u0119.<br \/>\nSzczeg\u00f3\u0142owe informacje na temat zakwaterowania i transportu s\u0105 podane dla ka\u017cdej wycieczki na naszych stronach spo\u0142eczno\u015bciowych lub w okre\u015blonych grupach WhatsApp. <\/span><\/p>\n<p>[\/et_pb_toggle][et_pb_toggle title=&#8221;Jakie s\u0105 zalety uczestnictwa w wycieczkach z przewodnikiem Erasmus Roma Association?&#8221; icon_color=&#8221;#156FAC&#8221; toggle_icon=&#8221;&#xf129;||fa||900&#8243; _builder_version=&#8221;4.27.0&#8243; _module_preset=&#8221;default&#8221; title_level=&#8221;h3&#8243; title_font=&#8221;||||||||&#8221; title_font_size=&#8221;18px&#8221; body_font_size=&#8221;16px&#8221; background_color=&#8221;#FFFFFF&#8221; custom_margin=&#8221;-10px||||false|false&#8221; animation_style=&#8221;flip&#8221; hover_enabled=&#8221;0&#8243; border_radii=&#8221;on|30px|30px|30px|30px&#8221; box_shadow_style=&#8221;preset1&#8243; global_colors_info=&#8221;{}&#8221; theme_builder_area=&#8221;post_content&#8221; sticky_enabled=&#8221;0&#8243;]<\/p>\n<p class=\"p1\"><span class=\"s1\">Uczestnicz\u0105c w naszych wycieczkach z przewodnikiem, b\u0119dziesz mia\u0142 okazj\u0119 odkry\u0107 cuda Rzymu i W\u0142och w towarzystwie do\u015bwiadczonych przewodnik\u00f3w, pozna\u0107 innych student\u00f3w Erasmusa i student\u00f3w zagranicznych oraz cieszy\u0107 si\u0119 wyj\u0105tkowym do\u015bwiadczeniem kulturowym.<\/span><\/p>\n<p>[\/et_pb_toggle][et_pb_toggle title=&#8221;Jak wygl\u0105daj\u0105 wycieczki z przewodnikiem po Rzymie dla student\u00f3w Erasmusa?&#8221; icon_color=&#8221;#156FAC&#8221; toggle_icon=&#8221;&#xf129;||fa||900&#8243; _builder_version=&#8221;4.27.0&#8243; _module_preset=&#8221;default&#8221; title_level=&#8221;h3&#8243; title_font=&#8221;||||||||&#8221; title_font_size=&#8221;18px&#8221; body_font_size=&#8221;16px&#8221; background_color=&#8221;#FFFFFF&#8221; custom_margin=&#8221;-10px||||false|false&#8221; animation_style=&#8221;flip&#8221; hover_enabled=&#8221;0&#8243; border_radii=&#8221;on|30px|30px|30px|30px&#8221; box_shadow_style=&#8221;preset1&#8243; global_colors_info=&#8221;{}&#8221; theme_builder_area=&#8221;post_content&#8221; sticky_enabled=&#8221;0&#8243;]<\/p>\n<p class=\"p1\"><span class=\"s1\">Wycieczki z przewodnikiem po Rzymie odbywaj\u0105 si\u0119 regularnie i s\u0105 prowadzone przez licencjonowanych przewodnik\u00f3w.  <\/span><\/p>\n<p class=\"p1\"><span class=\"s1\">Wycieczki s\u0105 dost\u0119pne w j\u0119zyku angielskim i hiszpa\u0144skim, dzi\u0119ki czemu wszyscy studenci Erasmusa i studenci zagraniczni mog\u0105 odkrywa\u0107 histori\u0119 i kultur\u0119 Rzymu.<\/span><\/p>\n<p>[\/et_pb_toggle][et_pb_toggle title=&#8221;Czy wycieczki z przewodnikiem s\u0105 dost\u0119pne w kilku j\u0119zykach?&#8221; icon_color=&#8221;#156FAC&#8221; toggle_icon=&#8221;&#xf129;||fa||900&#8243; _builder_version=&#8221;4.27.0&#8243; _module_preset=&#8221;default&#8221; title_level=&#8221;h3&#8243; title_font=&#8221;||||||||&#8221; title_font_size=&#8221;18px&#8221; body_font_size=&#8221;16px&#8221; background_color=&#8221;#FFFFFF&#8221; custom_margin=&#8221;-10px||||false|false&#8221; animation_style=&#8221;flip&#8221; hover_enabled=&#8221;0&#8243; border_radii=&#8221;on|30px|30px|30px|30px&#8221; box_shadow_style=&#8221;preset1&#8243; global_colors_info=&#8221;{}&#8221; theme_builder_area=&#8221;post_content&#8221; sticky_enabled=&#8221;0&#8243;]<\/p>\n<p class=\"p1\"><span class=\"s1\">Tak, wycieczki z przewodnikiem s\u0105 dost\u0119pne g\u0142\u00f3wnie w j\u0119zyku angielskim i hiszpa\u0144skim, aby wszyscy studenci Erasmusa mogli w nich uczestniczy\u0107 i w pe\u0142ni je zrozumie\u0107.<\/span><\/p>\n<p>[\/et_pb_toggle][\/et_pb_column][\/et_pb_row][\/et_pb_section]<\/p>\n","protected":false},"excerpt":{"rendered":"<p>Wycieczki Erasmus i wycieczki z przewodnikiem po Rzymie: odkryj cuda W\u0142och i poznaj nowych przyjaci\u00f3\u0142.<br \/>\nDo\u0142\u0105cz do naszych wycieczek i prze\u017cyj niezapomniane chwile. <\/p>\n","protected":false},"author":1,"featured_media":0,"parent":0,"menu_order":0,"comment_status":"closed","ping_status":"closed","template":"","meta":{"_et_pb_use_builder":"on","_et_pb_old_content":"","_et_gb_content_width":"","footnotes":""},"class_list":["post-2130","page","type-page","status-publish","hentry"],"aioseo_notices":[],"_links":{"self":[{"href":"https:\/\/erasmusroma.net\/pl\/wp-json\/wp\/v2\/pages\/2130","targetHints":{"allow":["GET"]}}],"collection":[{"href":"https:\/\/erasmusroma.net\/pl\/wp-json\/wp\/v2\/pages"}],"about":[{"href":"https:\/\/erasmusroma.net\/pl\/wp-json\/wp\/v2\/types\/page"}],"author":[{"embeddable":true,"href":"https:\/\/erasmusroma.net\/pl\/wp-json\/wp\/v2\/users\/1"}],"replies":[{"embeddable":true,"href":"https:\/\/erasmusroma.net\/pl\/wp-json\/wp\/v2\/comments?post=2130"}],"version-history":[{"count":4,"href":"https:\/\/erasmusroma.net\/pl\/wp-json\/wp\/v2\/pages\/2130\/revisions"}],"predecessor-version":[{"id":2627,"href":"https:\/\/erasmusroma.net\/pl\/wp-json\/wp\/v2\/pages\/2130\/revisions\/2627"}],"wp:attachment":[{"href":"https:\/\/erasmusroma.net\/pl\/wp-json\/wp\/v2\/media?parent=2130"}],"curies":[{"name":"wp","href":"https:\/\/api.w.org\/{rel}","templated":true}]}}